{"id":4464,"date":"2026-01-26T15:28:17","date_gmt":"2026-01-26T14:28:17","guid":{"rendered":"https:\/\/4arti1passione.ch\/?page_id=4464"},"modified":"2026-04-11T19:42:20","modified_gmt":"2026-04-11T17:42:20","slug":"colonie2026","status":"publish","type":"page","link":"https:\/\/4arti1passione.ch\/?page_id=4464","title":{"rendered":"COLONIE 2026"},"content":{"rendered":"<div data-colibri-id=\"4464-c1\" class=\"style-1150 style-local-4464-c1 position-relative\">\n  <!---->\n  <div data-colibri-component=\"section\" data-colibri-id=\"4464-c2\" id=\"initial-content\" class=\"h-section h-section-global-spacing d-flex align-items-lg-center align-items-md-center align-items-center style-1151 style-local-4464-c2 position-relative\">\n    <!---->\n    <!---->\n    <div class=\"h-section-grid-container h-section-boxed-container\">\n      <div data-colibri-id=\"4464-c14\" class=\"h-row-container gutters-row-lg-0 gutters-row-md-0 gutters-row-0 gutters-row-v-lg-0 gutters-row-v-md-0 gutters-row-v-0 style-1162 style-local-4464-c14 position-relative\">\n        <!---->\n        <div class=\"h-row justify-content-lg-center justify-content-md-center justify-content-center align-items-lg-stretch align-items-md-stretch align-items-stretch gutters-col-lg-0 gutters-col-md-0 gutters-col-0 gutters-col-v-lg-0 gutters-col-v-md-0 gutters-col-v-0\">\n          <!---->\n          <div class=\"h-column h-column-container d-flex h-col-lg-auto h-col-md-auto h-col-auto style-1163-outer style-local-4464-c15-outer\">\n            <div data-colibri-id=\"4464-c15\" class=\"d-flex h-flex-basis h-column__inner h-px-lg-0 h-px-md-0 h-px-0 v-inner-lg-0 v-inner-md-0 v-inner-0 style-1163 style-local-4464-c15 position-relative\">\n              <!---->\n              <!---->\n              <div class=\"w-100 h-y-container h-column__content h-column__v-align flex-basis-100 align-self-lg-start align-self-md-start align-self-start\">\n                <!---->\n                <div data-colibri-id=\"4464-c16\" class=\"h-global-transition-all h-heading style-1164 style-local-4464-c16 position-relative h-element\">\n                  <!---->\n                  <div class=\"h-heading__outer style-1164 style-local-4464-c16\">\n                    <!---->\n                    <!---->\n                    <h1 class=\"\">Colonia al Centro L\u00fcsc 2026<\/h1>\n                  <\/div>\n                <\/div>\n                <div data-colibri-id=\"4464-c17\" class=\"h-text h-text-component style-1165 style-local-4464-c17 position-relative h-element\">\n                  <!---->\n                  <!---->\n                  <div class=\"\">\n                    <p>Pronti per un&#8217;Estate Insieme a Croglio?&nbsp;<\/p>\n                  <\/div>\n                <\/div>\n              <\/div>\n            <\/div>\n          <\/div>\n        <\/div>\n      <\/div>\n      <div data-colibri-id=\"4464-c3\" class=\"h-row-container gutters-row-lg-2 gutters-row-md-2 gutters-row-0 gutters-row-v-lg-2 gutters-row-v-md-2 gutters-row-v-2 style-1152 style-local-4464-c3 position-relative\">\n        <!---->\n        <div class=\"h-row justify-content-lg-center justify-content-md-center justify-content-center align-items-lg-stretch align-items-md-stretch align-items-stretch gutters-col-lg-2 gutters-col-md-2 gutters-col-0 gutters-col-v-lg-2 gutters-col-v-md-2 gutters-col-v-2\">\n          <!---->\n          <div class=\"h-column h-column-container d-flex h-col-lg-auto h-col-md-auto h-col-auto style-1153-outer style-local-4464-c4-outer\">\n            <div data-colibri-id=\"4464-c4\" class=\"d-flex h-flex-basis h-column__inner h-px-lg-2 h-px-md-2 h-px-2 v-inner-lg-2 v-inner-md-2 v-inner-2 style-1153 style-local-4464-c4 position-relative\">\n              <!---->\n              <!---->\n              <div class=\"w-100 h-y-container h-column__content h-column__v-align flex-basis-100 align-self-lg-center align-self-md-center align-self-center\">\n                <!---->\n                <div data-colibri-id=\"4464-c5\" class=\"h-text h-text-component style-1154 style-local-4464-c5 position-relative h-element\">\n                  <!---->\n                  <!---->\n                  <div class=\"\">\n                    <p>Ogni estate, l&#8217;associazione <em>Quattroarti Unapassione<\/em> organizza colonie estive pensate per offrire ai bambini e ai ragazzi un\u2019esperienza indimenticabile di crescita, divertimento e socializzazione. Le nostre attivit\u00e0 sono studiate\n                      per unire il gioco all\u2019apprendimento, immersi nella natura e seguiti da educatori qualificati.<\/p>\n                    <p>Le colonie estive rappresentano un\u2019opportunit\u00e0 unica per fare nuove amicizie; scoprire e sviluppare nuove passioni grazie a laboratori creativi, sportivi e ambientali; vivere in un ambiente sano e sicuro, lontano dallo stress quotidiano;\n                      crescere in autonomia e responsabilit\u00e0 in un clima sereno e familiare.<\/p>\n                    <p>I nostri programmi includono gite, giochi all\u2019aperto, attivit\u00e0 sportive, serate a tema e momenti dedicati al relax e al benessere. Ogni colonia \u00e8 organizzata con cura per rispondere alle esigenze delle diverse fasce di et\u00e0 e garantire\n                      un\u2019esperienza positiva e formativa per tutti.<\/p>\n                    <p><strong style=\"color: rgb(196, 0, 196); font-weight: 700;\">PROMOZIONE!<\/strong> <span style=\"font-weight: 600;\">Gli iscritti che effettuano il pagamento entro il 30 aprile 2026 beneficiano di uno sconto del 20% sulla quota settimanale, non cumulabile con altre offerte. La quota sar\u00e0 pertanto di 128 CHF anzich\u00e9 160 CHF.<\/span><\/p>\n                    <p><strong style=\"font-size: 83%; font-weight: 400;\">La Colonia al Centro L\u00fcsc \u00e8 organizzata e gestita dall\u2019Associazione <em>Quattroarti Unapassione<\/em>, che ne \u00e8 responsabile dal punto di vista organizzativo, finanziario e legale.<\/strong><\/p>\n                  <\/div>\n                <\/div>\n                <div data-colibri-id=\"4464-c6\" class=\"h-global-transition-all h-heading style-1155 style-local-4464-c6 position-relative h-element\">\n                  <!---->\n                  <div class=\"h-heading__outer style-1155 style-local-4464-c6\">\n                    <!---->\n                    <!---->\n                    <h2 class=\"\">Iscrizioni per l&#8217;estate 2026<\/h2>\n                  <\/div>\n                <\/div>\n                <div data-colibri-id=\"4464-c7\" class=\"h-text h-text-component style-1156 style-local-4464-c7 position-relative h-element\">\n                  <!---->\n                  <!---->\n                  <div class=\"\">\n                    <p>Per maggiori informazioni o per iscrizioni, scaricare i moduli in PDF<\/p>\n                  <\/div>\n                <\/div>\n                <div data-colibri-id=\"4464-c8\" class=\"h-x-container style-1157 style-local-4464-c8 position-relative h-element\">\n                  <!---->\n                  <div class=\"h-x-container-inner style-dynamic-4464-c8-group style-1157-spacing style-local-4464-c8-spacing\"><span class=\"h-link__outer style-1158-outer style-local-4464-c9-outer d-inline-flex h-element\"><a h-use-smooth-scroll=\"true\" href=\"https:\/\/4arti1passione.ch\/InfoColonie2026.pdf\" target=\"_blank\"  data-colibri-id=\"4464-c9\" class=\"d-flex w-100 align-items-center h-link style-1158 style-local-4464-c9 position-relative\"><!----><!----> <span>Informazioni per i genitori sulle colonie (PDF)<\/span><\/a>\n                    <\/span>\n                  <\/div>\n                <\/div>\n                <div data-colibri-id=\"4464-c10\" class=\"h-x-container style-1159 style-local-4464-c10 position-relative h-element\">\n                  <!---->\n                  <div class=\"h-x-container-inner style-dynamic-4464-c10-group style-1159-spacing style-local-4464-c10-spacing\"><span class=\"h-link__outer style-1158-outer style-local-4464-c11-outer d-inline-flex h-element\"><a h-use-smooth-scroll=\"true\" href=\"https:\/\/4arti1passione.ch\/IscrizioneColonie2026.pdf\" target=\"_blank\"  data-colibri-id=\"4464-c11\" class=\"d-flex w-100 align-items-center h-link style-1158 style-local-4464-c11 position-relative\"><!----><!----> <span>Scarica il modulo di Iscrizione alle colonie 2026 (PDF)<\/span><\/a>\n                    <\/span>\n                  <\/div>\n                <\/div>\n              <\/div>\n            <\/div>\n          <\/div>\n          <div class=\"h-column h-column-container d-flex h-col-lg-auto h-col-md-auto h-col-auto style-1160-outer style-local-4464-c12-outer\">\n            <div data-colibri-id=\"4464-c12\" class=\"d-flex h-flex-basis h-column__inner h-px-lg-2 h-px-md-2 h-px-2 v-inner-lg-2 v-inner-md-2 v-inner-2 style-1160 style-local-4464-c12 position-relative\">\n              <!---->\n              <!---->\n              <div class=\"w-100 h-y-container h-column__content h-column__v-align flex-basis-100 align-self-lg-center align-self-md-center align-self-center\">\n                <!---->\n                <div data-colibri-id=\"4464-c13\" class=\"d-block style-1161 style-local-4464-c13 position-relative h-element\">\n                  <!---->\n                  <div class=\"h-image__frame-container-outer\">\n                    <div class=\"h-image__frame-container\">\n                      <!---->\n                      <!---->\n                      <img decoding=\"async\" width=\"1066\" height=\"1599\" src=\"https:\/\/4arti1passione.ch\/wp-content\/uploads\/2025\/08\/WhatsApp-Image-2025-08-01-at-17.47.35-5.jpeg\" class=\"wp-image-1982 style-1161-image style-local-4464-c13-image\" alt=\"\" srcset=\"https:\/\/4arti1passione.ch\/wp-content\/uploads\/2025\/08\/WhatsApp-Image-2025-08-01-at-17.47.35-5.jpeg 1066w, https:\/\/4arti1passione.ch\/wp-content\/uploads\/2025\/08\/WhatsApp-Image-2025-08-01-at-17.47.35-5-200x300.jpeg 200w, https:\/\/4arti1passione.ch\/wp-content\/uploads\/2025\/08\/WhatsApp-Image-2025-08-01-at-17.47.35-5-683x1024.jpeg 683w, https:\/\/4arti1passione.ch\/wp-content\/uploads\/2025\/08\/WhatsApp-Image-2025-08-01-at-17.47.35-5-768x1152.jpeg 768w, https:\/\/4arti1passione.ch\/wp-content\/uploads\/2025\/08\/WhatsApp-Image-2025-08-01-at-17.47.35-5-1024x1536.jpeg 1024w\" sizes=\"(max-width: 1066px) 100vw, 1066px\" \/>\n                      <div class=\"h-image__frame h-hide-lg h-hide-md h-hide-sm style-1161-frameImage style-local-4464-c13-frameImage\"><\/div>\n                    <\/div>\n                  <\/div>\n                <\/div>\n              <\/div>\n            <\/div>\n          <\/div>\n        <\/div>\n      <\/div>\n    <\/div>\n  <\/div>\n<\/div>","protected":false},"excerpt":{"rendered":"<p>Colonia al Centro L\u00fcsc 2026 Pronti per un&#8217;Estate Insieme a Croglio?&nbsp; Ogni estate, l&#8217;associazione Quattroarti Unapassione organizza colonie estive pensate per offrire ai bambini e ai ragazzi un\u2019esperienza indimenticabile di crescita, divertimento e socializzazione. Le nostre attivit\u00e0 sono studiate per unire il gioco all\u2019apprendimento, immersi nella natura e seguiti da educatori qualificati. Le colonie estive [&hellip;]<\/p>\n","protected":false},"author":1,"featured_media":0,"parent":0,"menu_order":0,"comment_status":"closed","ping_status":"closed","template":"page-templates\/full-width-page.php","meta":{"footnotes":""},"class_list":["post-4464","page","type-page","status-publish","hentry"],"_links":{"self":[{"href":"https:\/\/4arti1passione.ch\/index.php?rest_route=\/wp\/v2\/pages\/4464","targetHints":{"allow":["GET"]}}],"collection":[{"href":"https:\/\/4arti1passione.ch\/index.php?rest_route=\/wp\/v2\/pages"}],"about":[{"href":"https:\/\/4arti1passione.ch\/index.php?rest_route=\/wp\/v2\/types\/page"}],"author":[{"embeddable":true,"href":"https:\/\/4arti1passione.ch\/index.php?rest_route=\/wp\/v2\/users\/1"}],"replies":[{"embeddable":true,"href":"https:\/\/4arti1passione.ch\/index.php?rest_route=%2Fwp%2Fv2%2Fcomments&post=4464"}],"version-history":[{"count":8,"href":"https:\/\/4arti1passione.ch\/index.php?rest_route=\/wp\/v2\/pages\/4464\/revisions"}],"predecessor-version":[{"id":4560,"href":"https:\/\/4arti1passione.ch\/index.php?rest_route=\/wp\/v2\/pages\/4464\/revisions\/4560"}],"wp:attachment":[{"href":"https:\/\/4arti1passione.ch\/index.php?rest_route=%2Fwp%2Fv2%2Fmedia&parent=4464"}],"curies":[{"name":"wp","href":"https:\/\/api.w.org\/{rel}","templated":true}]}}